{"id":2,"date":"2018-11-02T05:33:01","date_gmt":"2018-11-02T05:33:01","guid":{"rendered":"http:\/\/lugas.lv\/?page_id=2"},"modified":"2024-08-18T16:59:01","modified_gmt":"2024-08-18T16:59:01","slug":"sample-page","status":"publish","type":"page","link":"https:\/\/lugas.lv\/?page_id=2","title":{"rendered":"Par lapu"},"content":{"rendered":"\n<p><br><br>Lugas.lv- vietne, kur\u0101 var atrast lugas iestud\u0113\u0161anai vai las\u012b\u0161anai ( saturs b\u016bs noder\u012bgs tiem, kas mekl\u0113 scen\u0101rijus film\u0113\u0161anai). M\u0101jaslapu veido un uztur 2019.g. 12.j\u016blij\u0101 dibin\u0101t\u0101 &#8220;Dramaturgu asoci\u0101cija&#8221;.<\/p>\n\n\n\n<p>\u0160eit ir:<\/p>\n\n\n\n<ul>\n<li>Gan m\u016bsdienu, gan sen\u0101k rakst\u012btas lugas, t.i., gan klasi\u0137u un m\u016bsdienas atz\u012btu autoru, gan jaunu autoru dramatur\u0123iskos darbus. <\/li>\n\n\n\n<li>Gan Latvij\u0101, gan trimd\u0101 tapu\u0161\u0101s lugas.  <\/li>\n\n\n\n<li>Lugas gan pieaugu\u0161ajiem, gan b\u0113rniem un jaunie\u0161u auditorijai.<\/li>\n<\/ul>\n\n\n\n<p>\u0160eit var <strong>mekl\u0113t\/filtr\u0113t <\/strong>lugas p\u0113c noteiktiem krit\u0113rijiem, l\u012bdz ar to sev interes\u0113jo\u0161o dramatur\u0123isko tekstu var atrast daudz, daudz \u0101tr\u0101k nek\u0101 kl\u0101tien\u0113 bibliot\u0113k\u0101, apmekl\u0113jot daudz\u0101s autoru m\u0101jaslapas vai jaut\u0101jot dramaturgiem person\u012bgi. Turkl\u0101t m\u016bsdien\u0101s latvie\u0161u lugas gr\u0101mat\u0101s tiek public\u0113tas \u013coti reti. J\u0101piebilst, ka, iev\u0113rojot autorties\u012bbas, \u0161eit ar\u012b ne vienm\u0113r tiek public\u0113ti lugu teksti, bet gan to apraksti (ar\u012b fragmenti) ar autora kontaktinform\u0101ciju vai citu nor\u0101di, kur var izlas\u012bt lugas tekstu.<\/p>\n\n\n\n<p>Ja v\u0113laties iestud\u0113t \u0161eit atrodam\u0101s lugas, j\u0101iev\u0113ro <strong><a href=\"https:\/\/likumi.lv\/ta\/id\/5138-autortiesibu-likums\" target=\"_blank\" rel=\"noreferrer noopener\">autorties\u012bbu likums<\/a><\/strong>. Jums ir j\u0101l\u016bdz at\u013cauja lugas autora PIRMS iestud\u0113juma procesa uzs\u0101k\u0161anas, netkar\u012bgi no t\u0101, vai vi\u0146s\/a ir vai nav p\u0101rst\u0101v\u0113to AKKA\/LAA <a href=\"https:\/\/www.akka-laa.lv\/lv\/par-akka-laa\/parstavetie-autori\">autoru sarakst\u0101<\/a>! Protams, ar\u012b b\u016btiskas izmai\u0146as lugas tekst\u0101 (izmai\u0146as lomu skait\u0101, b\u016btiski teksta sv\u012btrojumi vai papildin\u0101jumi)\u00a0ir j\u0101saska\u0146o ar lugas autoru.<\/p>\n\n\n\n<p>Re\u017eisoriem un jebkuram, kur\u0161 ir iesaist\u012bts iestud\u0113jam\u0101 materi\u0101la atlas\u0113, ir iesp\u0113ja pieteikties lugu<strong> jaunumu sa\u0146em\u0161anai<\/strong> epast\u0101, rakstot uz lugas@lugas.lv. Tiks izs\u016bt\u012bti jaunpien\u0101ku\u0161ie lugas apraksti (reiz\u0113m kop\u0101 ar lugas fragmentu vai lugas pilnu tekstu). Lai sa\u0146emtu jaunumus \u0101tr\u0101k un pa vienam, aicinu sekot <br><a href=\"https:\/\/twitter.com\/Tekstiteatrim\">https:\/\/twitter.com\/Tekstiteatrim<\/a> vai domubiedru grupai Facebook &#8211; &#8220;Parun\u0101sim par dramatur\u0123iju!&#8221;<br><\/p>\n\n\n\n<p>Ir pieejami ar\u012b vair\u0101ku latvie\u0161u lugu tulkojumi <strong>cit\u0101s valod\u0101s<\/strong>. Ja ir interese &#8211; rakstiet!<\/p>\n\n\n\n<p>Lugas.lv m\u0113r\u0137is nav g\u016bt pe\u013c\u0146u, bet gan sekm\u0113t latvie\u0161u dramatur\u0123ijas att\u012bst\u012bbu. Ja ir iesp\u0113ja, atbalsti m\u016bs <strong>ziedojot<\/strong> -konta numuru atrad\u012bsi sada\u013c\u0101 &#8220;Par mums&#8221;.   Atbalstu vari sniegt ar\u012b cit\u0101 veid\u0101, piem\u0113ram, ats\u016btot mums iesken\u0113tus  to lugu tekstus, uz kuriem neattiecas autorties\u012bbu termi\u0146a ierobe\u017eojums.  Vair\u0101k par to <a href=\"https:\/\/lugas.lv\/?p=947\">\u0161eit.<\/a> <\/p>\n\n\n\n<p>  M\u0101jaslapas hostingu nodro\u0161ina <a href=\"https:\/\/area.lv\/clients\/aff.php?aff=592\">SIA AREA IT<\/a>. <\/p>\n\n\n\n\n\n<p><\/p>\n","protected":false},"excerpt":{"rendered":"<p>Lugas.lv- vietne, kur\u0101 var atrast lugas iestud\u0113\u0161anai vai las\u012b\u0161anai ( saturs b\u016bs noder\u012bgs tiem, kas mekl\u0113 scen\u0101rijus film\u0113\u0161anai). M\u0101jaslapu veido un uztur 2019.g. 12.j\u016blij\u0101 dibin\u0101t\u0101 &#8220;Dramaturgu asoci\u0101cija&#8221;. \u0160eit ir: \u0160eit var mekl\u0113t\/filtr\u0113t lugas p\u0113c noteiktiem krit\u0113rijiem, l\u012bdz ar to sev interes\u0113jo\u0161o dramatur\u0123isko tekstu var atrast daudz, daudz \u0101tr\u0101k nek\u0101 kl\u0101tien\u0113 bibliot\u0113k\u0101, apmekl\u0113jot daudz\u0101s autoru m\u0101jaslapas &hellip; <\/p>\n<p class=\"link-more\"><a href=\"https:\/\/lugas.lv\/?page_id=2\" class=\"more-link\">Turpin\u0101t las\u012bt<span class=\"screen-reader-text\"> &#8220;Par lapu&#8221;<\/span><\/a><\/p>\n","protected":false},"author":1,"featured_media":0,"parent":0,"menu_order":0,"comment_status":"closed","ping_status":"open","template":"","meta":{"footnotes":""},"_links":{"self":[{"href":"https:\/\/lugas.lv\/index.php?rest_route=\/wp\/v2\/pages\/2"}],"collection":[{"href":"https:\/\/lugas.lv\/index.php?rest_route=\/wp\/v2\/pages"}],"about":[{"href":"https:\/\/lugas.lv\/index.php?rest_route=\/wp\/v2\/types\/page"}],"author":[{"embeddable":true,"href":"https:\/\/lugas.lv\/index.php?rest_route=\/wp\/v2\/users\/1"}],"replies":[{"embeddable":true,"href":"https:\/\/lugas.lv\/index.php?rest_route=%2Fwp%2Fv2%2Fcomments&post=2"}],"version-history":[{"count":29,"href":"https:\/\/lugas.lv\/index.php?rest_route=\/wp\/v2\/pages\/2\/revisions"}],"predecessor-version":[{"id":6584,"href":"https:\/\/lugas.lv\/index.php?rest_route=\/wp\/v2\/pages\/2\/revisions\/6584"}],"wp:attachment":[{"href":"https:\/\/lugas.lv\/index.php?rest_route=%2Fwp%2Fv2%2Fmedia&parent=2"}],"curies":[{"name":"wp","href":"https:\/\/api.w.org\/{rel}","templated":true}]}}